{"id":1927,"date":"2024-09-30T06:50:49","date_gmt":"2024-09-30T06:50:49","guid":{"rendered":"https:\/\/martiartesanal.com\/?post_type=product&#038;p=1927"},"modified":"2025-04-08T07:55:38","modified_gmt":"2025-04-08T07:55:38","slug":"collar-twilight-plateado","status":"publish","type":"product","link":"https:\/\/martiartesanal.com\/index.php\/product\/collar-twilight-plateado\/","title":{"rendered":"COLLAR TWILIGHT PLATEADO"},"content":{"rendered":"<p>Cada pieza Mart\u00ed es tejida cuidadosamente a mano, con vidrios de la marca Miyuki.<\/p>\n<p><span class=\"OYPEnA font-feature-liga-off font-feature-clig-off font-feature-calt-off text-decoration-none text-strikethrough-none\">Los herrajes de nuestras joyas est\u00e1n hechos principalmente en bronce con un ba\u00f1o de oro de 24 kilates. <\/span><span class=\"OYPEnA font-feature-liga-off font-feature-clig-off font-feature-calt-off text-decoration-none text-strikethrough-none\">Tambi\u00e9n empleamos algunos herrajes en acero y otros en plata.<\/span><\/p>\n<p><span class=\"OYPEnA font-feature-liga-off font-feature-clig-off font-feature-calt-off text-decoration-none text-strikethrough-none\">Para preservar la belleza y durabilidad de tus joyas Mart\u00ed, es importante seguir las recomendaciones de cuidado que se encuentran en la secci\u00f3n de materiales y cuidados.<\/span><\/p>\n<p>Env\u00edo GRATIS en Colombia por compras superiores a $300.000.<\/p>\n<p><strong><span style=\"color: #c59a27\">HECHO EN COLOMBIA POR MART\u00cd<\/span><\/strong><\/p>\n","protected":false},"excerpt":{"rendered":"<p>&nbsp;<\/p>\n<p>Cada pieza Mart\u00ed es tejida cuidadosamente a mano, con vidrios de la marca Miyuki.<\/p>\n<p><span class=\"OYPEnA font-feature-liga-off font-feature-clig-off font-feature-calt-off text-decoration-none text-strikethrough-none\">Los herrajes de nuestras joyas est\u00e1n hechos principalmente en bronce con un ba\u00f1o de oro de 24 kilates. <\/span><span class=\"OYPEnA font-feature-liga-off font-feature-clig-off font-feature-calt-off text-decoration-none text-strikethrough-none\">Tambi\u00e9n empleamos algunos herrajes en acero y otros en plata.<\/span><\/p>\n<p><span class=\"OYPEnA font-feature-liga-off font-feature-clig-off font-feature-calt-off text-decoration-none text-strikethrough-none\">Para preservar la belleza y durabilidad de tus joyas Mart\u00ed, es importante seguir las recomendaciones de cuidado que se encuentran en la secci\u00f3n de materiales y cuidados.<\/span><\/p>\n<p>Env\u00edo GRATIS en Colombia por compras superiores a $300.000.<\/p>\n<p><strong><span style=\"color: #c59a27\">HECHO EN COLOMBIA POR MART\u00cd<\/span><\/strong><\/p>\n","protected":false},"featured_media":1878,"template":"","meta":{"_uag_custom_page_level_css":"","site-sidebar-layout":"default","site-content-layout":"","ast-site-content-layout":"default","site-content-style":"default","site-sidebar-style":"default","ast-global-header-display":"","ast-banner-title-visibility":"","ast-main-header-display":"","ast-hfb-above-header-display":"","ast-hfb-below-header-display":"","ast-hfb-mobile-header-display":"","site-post-title":"","ast-breadcrumbs-content":"","ast-featured-img":"","footer-sml-layout":"","theme-transparent-header-meta":"default","adv-header-id-meta":"","stick-header-meta":"","header-above-stick-meta":"","header-main-stick-meta":"","header-below-stick-meta":"","astra-migrate-meta-layouts":"set","ast-page-background-enabled":"default","ast-page-background-meta":{"desktop":{"background-color":"var(--ast-global-color-4)","background-image":"","background-repeat":"repeat","background-position":"center center","background-size":"auto","background-attachment":"scroll","background-type":"","background-media":"","overlay-type":"","overlay-color":"","overlay-opacity":"","overlay-gradient":""},"tablet":{"background-color":"","background-image":"","background-repeat":"repeat","background-position":"center center","background-size":"auto","background-attachment":"scroll","background-type":"","background-media":"","overlay-type":"","overlay-color":"","overlay-opacity":"","overlay-gradient":""},"mobile":{"background-color":"","background-image":"","background-repeat":"repeat","background-position":"center center","background-size":"auto","background-attachment":"scroll","background-type":"","background-media":"","overlay-type":"","overlay-color":"","overlay-opacity":"","overlay-gradient":""}},"ast-content-background-meta":{"desktop":{"background-color":"var(--ast-global-color-5)","background-image":"","background-repeat":"repeat","background-position":"center center","background-size":"auto","background-attachment":"scroll","background-type":"","background-media":"","overlay-type":"","overlay-color":"","overlay-opacity":"","overlay-gradient":""},"tablet":{"background-color":"var(--ast-global-color-5)","background-image":"","background-repeat":"repeat","background-position":"center center","background-size":"auto","background-attachment":"scroll","background-type":"","background-media":"","overlay-type":"","overlay-color":"","overlay-opacity":"","overlay-gradient":""},"mobile":{"background-color":"var(--ast-global-color-5)","background-image":"","background-repeat":"repeat","background-position":"center center","background-size":"auto","background-attachment":"scroll","background-type":"","background-media":"","overlay-type":"","overlay-color":"","overlay-opacity":"","overlay-gradient":""}}},"product_brand":[],"product_cat":[20],"product_tag":[56,57],"class_list":{"0":"post-1927","1":"product","2":"type-product","3":"status-publish","4":"has-post-thumbnail","6":"product_cat-collares","7":"product_tag-martini","8":"product_tag-orbitamartini","9":"desktop-align-left","10":"tablet-align-left","11":"mobile-align-left","13":"first","14":"instock","15":"sold-individually","16":"shipping-taxable","17":"purchasable","18":"product-type-simple"},"uagb_featured_image_src":{"full":["https:\/\/martiartesanal.com\/wp-content\/uploads\/2024\/08\/COLLARES-25.png",1080,1080,false],"thumbnail":["https:\/\/martiartesanal.com\/wp-content\/uploads\/2024\/08\/COLLARES-25-150x150.png",150,150,true],"medium":["https:\/\/martiartesanal.com\/wp-content\/uploads\/2024\/08\/COLLARES-25-300x300.png",300,300,true],"medium_large":["https:\/\/martiartesanal.com\/wp-content\/uploads\/2024\/08\/COLLARES-25-768x768.png",768,768,true],"large":["https:\/\/martiartesanal.com\/wp-content\/uploads\/2024\/08\/COLLARES-25-1024x1024.png",1024,1024,true],"1536x1536":["https:\/\/martiartesanal.com\/wp-content\/uploads\/2024\/08\/COLLARES-25.png",1080,1080,false],"2048x2048":["https:\/\/martiartesanal.com\/wp-content\/uploads\/2024\/08\/COLLARES-25.png",1080,1080,false],"woocommerce_thumbnail":["https:\/\/martiartesanal.com\/wp-content\/uploads\/2024\/08\/COLLARES-25-300x300.png",300,300,true],"woocommerce_single":["https:\/\/martiartesanal.com\/wp-content\/uploads\/2024\/08\/COLLARES-25-600x600.png",600,600,true],"woocommerce_gallery_thumbnail":["https:\/\/martiartesanal.com\/wp-content\/uploads\/2024\/08\/COLLARES-25-100x100.png",100,100,true],"dgwt-wcas-product-suggestion":["https:\/\/martiartesanal.com\/wp-content\/uploads\/2024\/08\/COLLARES-25-64x64.png",64,64,true]},"uagb_author_info":{"display_name":"martiadmin","author_link":"https:\/\/martiartesanal.com\/author\/"},"uagb_comment_info":0,"uagb_excerpt":"&nbsp; Cada pieza Mart\u00ed es tejida cuidadosamente a mano, con vidrios de la marca Miyuki. Los herrajes de nuestras joyas est\u00e1n hechos principalmente en bronce con un ba\u00f1o de oro de 24 kilates. Tambi\u00e9n empleamos algunos herrajes en acero y otros en plata. Para preservar la belleza y durabilidad de tus joyas Mart\u00ed, es importante&hellip;","_links":{"self":[{"href":"https:\/\/martiartesanal.com\/index.php\/wp-json\/wp\/v2\/product\/1927","targetHints":{"allow":["GET"]}}],"collection":[{"href":"https:\/\/martiartesanal.com\/index.php\/wp-json\/wp\/v2\/product"}],"about":[{"href":"https:\/\/martiartesanal.com\/index.php\/wp-json\/wp\/v2\/types\/product"}],"wp:featuredmedia":[{"embeddable":true,"href":"https:\/\/martiartesanal.com\/index.php\/wp-json\/wp\/v2\/media\/1878"}],"wp:attachment":[{"href":"https:\/\/martiartesanal.com\/index.php\/wp-json\/wp\/v2\/media?parent=1927"}],"wp:term":[{"taxonomy":"product_brand","embeddable":true,"href":"https:\/\/martiartesanal.com\/index.php\/wp-json\/wp\/v2\/product_brand?post=1927"},{"taxonomy":"product_cat","embeddable":true,"href":"https:\/\/martiartesanal.com\/index.php\/wp-json\/wp\/v2\/product_cat?post=1927"},{"taxonomy":"product_tag","embeddable":true,"href":"https:\/\/martiartesanal.com\/index.php\/wp-json\/wp\/v2\/product_tag?post=1927"}],"curies":[{"name":"wp","href":"https:\/\/api.w.org\/{rel}","templated":true}]}}